{"id":16332,"date":"2023-01-12T13:38:58","date_gmt":"2023-01-12T12:38:58","guid":{"rendered":"https:\/\/americansoverseas-org.ont.stuurlui.dev\/german\/form-8854-2\/"},"modified":"2023-02-17T20:09:08","modified_gmt":"2023-02-17T19:09:08","slug":"amerikanische-steuererklarung","status":"publish","type":"page","link":"https:\/\/americansoverseas-org.ont.stuurlui.dev\/german\/services\/amerikanische-steuererklarung\/","title":{"rendered":"Amerikanische Steuererkl\u00e4rung"},"content":{"rendered":"","protected":false},"excerpt":{"rendered":"","protected":false},"author":13,"featured_media":0,"parent":1082,"menu_order":0,"comment_status":"closed","ping_status":"closed","template":"","meta":{"_acf_changed":false,"footnotes":""},"class_list":["post-16332","page","type-page","status-publish","hentry"],"acf":[],"yoast_head":"<!-- This site is optimized with the Yoast SEO plugin v27.5 - https:\/\/yoast.com\/product\/yoast-seo-wordpress\/ -->\n<title>Amerikanische Steuererkl\u00e4rung | Americans Overseas<\/title>\n<meta name=\"description\" content=\"US-Personen und Green-Card-Inhaber m\u00fcssen jedes Jahr eine Amerikanische Steuererkl\u00e4rungabgeben. Americans Overseas macht Ihnen die Abgabe Ihrer Steuererkl\u00e4rung leicht.\" \/>\n<meta name=\"robots\" content=\"noindex, follow, max-snippet:-1, max-image-preview:large, max-video-preview:-1\" \/>\n<meta property=\"og:locale\" content=\"de_DE\" \/>\n<meta property=\"og:type\" content=\"article\" \/>\n<meta property=\"og:title\" content=\"Amerikanische Steuererkl\u00e4rung | Americans Overseas\" \/>\n<meta property=\"og:description\" content=\"US-Personen und Green-Card-Inhaber m\u00fcssen jedes Jahr eine Amerikanische Steuererkl\u00e4rungabgeben. Americans Overseas macht Ihnen die Abgabe Ihrer Steuererkl\u00e4rung leicht.\" \/>\n<meta property=\"og:url\" content=\"https:\/\/americansoverseas-org.ont.stuurlui.dev\/german\/services\/amerikanische-steuererklarung\/\" \/>\n<meta property=\"og:site_name\" content=\"Americans Overseas DE\" \/>\n<meta property=\"article:modified_time\" content=\"2023-02-17T19:09:08+00:00\" \/>\n<meta name=\"twitter:card\" content=\"summary_large_image\" \/>\n<script type=\"application\/ld+json\" class=\"yoast-schema-graph\">{\"@context\":\"https:\\\/\\\/schema.org\",\"@graph\":[{\"@type\":\"WebPage\",\"@id\":\"https:\\\/\\\/americansoverseas-org.ont.stuurlui.dev\\\/german\\\/services\\\/amerikanische-steuererklarung\\\/\",\"url\":\"https:\\\/\\\/americansoverseas-org.ont.stuurlui.dev\\\/german\\\/services\\\/amerikanische-steuererklarung\\\/\",\"name\":\"Amerikanische Steuererkl\u00e4rung | Americans Overseas\",\"isPartOf\":{\"@id\":\"https:\\\/\\\/americansoverseas-org.ont.stuurlui.dev\\\/german\\\/#website\"},\"datePublished\":\"2023-01-12T12:38:58+00:00\",\"dateModified\":\"2023-02-17T19:09:08+00:00\",\"description\":\"US-Personen und Green-Card-Inhaber m\u00fcssen jedes Jahr eine Amerikanische Steuererkl\u00e4rungabgeben. Americans Overseas macht Ihnen die Abgabe Ihrer Steuererkl\u00e4rung leicht.\",\"breadcrumb\":{\"@id\":\"https:\\\/\\\/americansoverseas-org.ont.stuurlui.dev\\\/german\\\/services\\\/amerikanische-steuererklarung\\\/#breadcrumb\"},\"inLanguage\":\"de\",\"potentialAction\":[{\"@type\":\"ReadAction\",\"target\":[\"https:\\\/\\\/americansoverseas-org.ont.stuurlui.dev\\\/german\\\/services\\\/amerikanische-steuererklarung\\\/\"]}]},{\"@type\":\"BreadcrumbList\",\"@id\":\"https:\\\/\\\/americansoverseas-org.ont.stuurlui.dev\\\/german\\\/services\\\/amerikanische-steuererklarung\\\/#breadcrumb\",\"itemListElement\":[{\"@type\":\"ListItem\",\"position\":1,\"name\":\"Home\",\"item\":\"https:\\\/\\\/americansoverseas-org.ont.stuurlui.dev\\\/german\\\/\"},{\"@type\":\"ListItem\",\"position\":2,\"name\":\"Services\",\"item\":\"https:\\\/\\\/americansoverseas-org.ont.stuurlui.dev\\\/german\\\/services\\\/\"},{\"@type\":\"ListItem\",\"position\":3,\"name\":\"Amerikanische Steuererkl\u00e4rung\"}]},{\"@type\":\"WebSite\",\"@id\":\"https:\\\/\\\/americansoverseas-org.ont.stuurlui.dev\\\/german\\\/#website\",\"url\":\"https:\\\/\\\/americansoverseas-org.ont.stuurlui.dev\\\/german\\\/\",\"name\":\"Americans Overseas DE\",\"description\":\"\",\"potentialAction\":[{\"@type\":\"SearchAction\",\"target\":{\"@type\":\"EntryPoint\",\"urlTemplate\":\"https:\\\/\\\/americansoverseas-org.ont.stuurlui.dev\\\/german\\\/?s={search_term_string}\"},\"query-input\":{\"@type\":\"PropertyValueSpecification\",\"valueRequired\":true,\"valueName\":\"search_term_string\"}}],\"inLanguage\":\"de\"}]}<\/script>\n<!-- \/ Yoast SEO plugin. -->","yoast_head_json":{"title":"Amerikanische Steuererkl\u00e4rung | Americans Overseas","description":"US-Personen und Green-Card-Inhaber m\u00fcssen jedes Jahr eine Amerikanische Steuererkl\u00e4rungabgeben. Americans Overseas macht Ihnen die Abgabe Ihrer Steuererkl\u00e4rung leicht.","robots":{"index":"noindex","follow":"follow","max-snippet":"max-snippet:-1","max-image-preview":"max-image-preview:large","max-video-preview":"max-video-preview:-1"},"og_locale":"de_DE","og_type":"article","og_title":"Amerikanische Steuererkl\u00e4rung | Americans Overseas","og_description":"US-Personen und Green-Card-Inhaber m\u00fcssen jedes Jahr eine Amerikanische Steuererkl\u00e4rungabgeben. Americans Overseas macht Ihnen die Abgabe Ihrer Steuererkl\u00e4rung leicht.","og_url":"https:\/\/americansoverseas-org.ont.stuurlui.dev\/german\/services\/amerikanische-steuererklarung\/","og_site_name":"Americans Overseas DE","article_modified_time":"2023-02-17T19:09:08+00:00","twitter_card":"summary_large_image","schema":{"@context":"https:\/\/schema.org","@graph":[{"@type":"WebPage","@id":"https:\/\/americansoverseas-org.ont.stuurlui.dev\/german\/services\/amerikanische-steuererklarung\/","url":"https:\/\/americansoverseas-org.ont.stuurlui.dev\/german\/services\/amerikanische-steuererklarung\/","name":"Amerikanische Steuererkl\u00e4rung | Americans Overseas","isPartOf":{"@id":"https:\/\/americansoverseas-org.ont.stuurlui.dev\/german\/#website"},"datePublished":"2023-01-12T12:38:58+00:00","dateModified":"2023-02-17T19:09:08+00:00","description":"US-Personen und Green-Card-Inhaber m\u00fcssen jedes Jahr eine Amerikanische Steuererkl\u00e4rungabgeben. Americans Overseas macht Ihnen die Abgabe Ihrer Steuererkl\u00e4rung leicht.","breadcrumb":{"@id":"https:\/\/americansoverseas-org.ont.stuurlui.dev\/german\/services\/amerikanische-steuererklarung\/#breadcrumb"},"inLanguage":"de","potentialAction":[{"@type":"ReadAction","target":["https:\/\/americansoverseas-org.ont.stuurlui.dev\/german\/services\/amerikanische-steuererklarung\/"]}]},{"@type":"BreadcrumbList","@id":"https:\/\/americansoverseas-org.ont.stuurlui.dev\/german\/services\/amerikanische-steuererklarung\/#breadcrumb","itemListElement":[{"@type":"ListItem","position":1,"name":"Home","item":"https:\/\/americansoverseas-org.ont.stuurlui.dev\/german\/"},{"@type":"ListItem","position":2,"name":"Services","item":"https:\/\/americansoverseas-org.ont.stuurlui.dev\/german\/services\/"},{"@type":"ListItem","position":3,"name":"Amerikanische Steuererkl\u00e4rung"}]},{"@type":"WebSite","@id":"https:\/\/americansoverseas-org.ont.stuurlui.dev\/german\/#website","url":"https:\/\/americansoverseas-org.ont.stuurlui.dev\/german\/","name":"Americans Overseas DE","description":"","potentialAction":[{"@type":"SearchAction","target":{"@type":"EntryPoint","urlTemplate":"https:\/\/americansoverseas-org.ont.stuurlui.dev\/german\/?s={search_term_string}"},"query-input":{"@type":"PropertyValueSpecification","valueRequired":true,"valueName":"search_term_string"}}],"inLanguage":"de"}]}},"_links":{"self":[{"href":"https:\/\/americansoverseas-org.ont.stuurlui.dev\/german\/wp-json\/wp\/v2\/pages\/16332","targetHints":{"allow":["GET"]}}],"collection":[{"href":"https:\/\/americansoverseas-org.ont.stuurlui.dev\/german\/wp-json\/wp\/v2\/pages"}],"about":[{"href":"https:\/\/americansoverseas-org.ont.stuurlui.dev\/german\/wp-json\/wp\/v2\/types\/page"}],"author":[{"embeddable":true,"href":"https:\/\/americansoverseas-org.ont.stuurlui.dev\/german\/wp-json\/wp\/v2\/users\/13"}],"replies":[{"embeddable":true,"href":"https:\/\/americansoverseas-org.ont.stuurlui.dev\/german\/wp-json\/wp\/v2\/comments?post=16332"}],"version-history":[{"count":24,"href":"https:\/\/americansoverseas-org.ont.stuurlui.dev\/german\/wp-json\/wp\/v2\/pages\/16332\/revisions"}],"predecessor-version":[{"id":17599,"href":"https:\/\/americansoverseas-org.ont.stuurlui.dev\/german\/wp-json\/wp\/v2\/pages\/16332\/revisions\/17599"}],"up":[{"embeddable":true,"href":"https:\/\/americansoverseas-org.ont.stuurlui.dev\/german\/wp-json\/wp\/v2\/pages\/1082"}],"wp:attachment":[{"href":"https:\/\/americansoverseas-org.ont.stuurlui.dev\/german\/wp-json\/wp\/v2\/media?parent=16332"}],"curies":[{"name":"wp","href":"https:\/\/api.w.org\/{rel}","templated":true}]}}