{"id":1086,"date":"2022-11-30T09:24:39","date_gmt":"2022-11-30T08:24:39","guid":{"rendered":"https:\/\/americansoverseas-org.ont.stuurlui.dev\/german\/?page_id=1086"},"modified":"2023-02-06T13:42:20","modified_gmt":"2023-02-06T12:42:20","slug":"wissenscenter","status":"publish","type":"page","link":"https:\/\/americansoverseas-org.ont.stuurlui.dev\/german\/wissenscenter\/","title":{"rendered":"Wissenscenter"},"content":{"rendered":"","protected":false},"excerpt":{"rendered":"","protected":false},"author":2,"featured_media":0,"parent":0,"menu_order":0,"comment_status":"closed","ping_status":"closed","template":"","meta":{"_acf_changed":false,"footnotes":""},"class_list":["post-1086","page","type-page","status-publish","hentry"],"acf":[],"yoast_head":"<!-- This site is optimized with the Yoast SEO plugin v27.6 - https:\/\/yoast.com\/product\/yoast-seo-wordpress\/ -->\n<title>Wissenscenter | Americans Overseas<\/title>\n<meta name=\"description\" content=\"Auf Americans Overseas finden Sie alle Fragen und Antworten zur Steuererkl\u00e4rung, die Sie als US-Amerikaner abgeben m\u00fcssen, w\u00e4hrend Sie im Ausland wohnen.\" \/>\n<meta name=\"robots\" content=\"noindex, follow, max-snippet:-1, max-image-preview:large, max-video-preview:-1\" \/>\n<meta property=\"og:locale\" content=\"de_DE\" \/>\n<meta property=\"og:type\" content=\"article\" \/>\n<meta property=\"og:title\" content=\"Wissenscenter | Americans Overseas\" \/>\n<meta property=\"og:description\" content=\"Auf Americans Overseas finden Sie alle Fragen und Antworten zur Steuererkl\u00e4rung, die Sie als US-Amerikaner abgeben m\u00fcssen, w\u00e4hrend Sie im Ausland wohnen.\" \/>\n<meta property=\"og:url\" content=\"https:\/\/americansoverseas-org.ont.stuurlui.dev\/german\/wissenscenter\/\" \/>\n<meta property=\"og:site_name\" content=\"Americans Overseas DE\" \/>\n<meta property=\"article:modified_time\" content=\"2023-02-06T12:42:20+00:00\" \/>\n<meta name=\"twitter:card\" content=\"summary_large_image\" \/>\n<script type=\"application\/ld+json\" class=\"yoast-schema-graph\">{\"@context\":\"https:\\\/\\\/schema.org\",\"@graph\":[{\"@type\":\"WebPage\",\"@id\":\"https:\\\/\\\/americansoverseas-org.ont.stuurlui.dev\\\/german\\\/wissenscenter\\\/\",\"url\":\"https:\\\/\\\/americansoverseas-org.ont.stuurlui.dev\\\/german\\\/wissenscenter\\\/\",\"name\":\"Wissenscenter | Americans Overseas\",\"isPartOf\":{\"@id\":\"https:\\\/\\\/americansoverseas-org.ont.stuurlui.dev\\\/german\\\/#website\"},\"datePublished\":\"2022-11-30T08:24:39+00:00\",\"dateModified\":\"2023-02-06T12:42:20+00:00\",\"description\":\"Auf Americans Overseas finden Sie alle Fragen und Antworten zur Steuererkl\u00e4rung, die Sie als US-Amerikaner abgeben m\u00fcssen, w\u00e4hrend Sie im Ausland wohnen.\",\"breadcrumb\":{\"@id\":\"https:\\\/\\\/americansoverseas-org.ont.stuurlui.dev\\\/german\\\/wissenscenter\\\/#breadcrumb\"},\"inLanguage\":\"de\",\"potentialAction\":[{\"@type\":\"ReadAction\",\"target\":[\"https:\\\/\\\/americansoverseas-org.ont.stuurlui.dev\\\/german\\\/wissenscenter\\\/\"]}]},{\"@type\":\"BreadcrumbList\",\"@id\":\"https:\\\/\\\/americansoverseas-org.ont.stuurlui.dev\\\/german\\\/wissenscenter\\\/#breadcrumb\",\"itemListElement\":[{\"@type\":\"ListItem\",\"position\":1,\"name\":\"Home\",\"item\":\"https:\\\/\\\/americansoverseas-org.ont.stuurlui.dev\\\/german\\\/\"},{\"@type\":\"ListItem\",\"position\":2,\"name\":\"Wissenscenter\"}]},{\"@type\":\"WebSite\",\"@id\":\"https:\\\/\\\/americansoverseas-org.ont.stuurlui.dev\\\/german\\\/#website\",\"url\":\"https:\\\/\\\/americansoverseas-org.ont.stuurlui.dev\\\/german\\\/\",\"name\":\"Americans Overseas DE\",\"description\":\"\",\"potentialAction\":[{\"@type\":\"SearchAction\",\"target\":{\"@type\":\"EntryPoint\",\"urlTemplate\":\"https:\\\/\\\/americansoverseas-org.ont.stuurlui.dev\\\/german\\\/?s={search_term_string}\"},\"query-input\":{\"@type\":\"PropertyValueSpecification\",\"valueRequired\":true,\"valueName\":\"search_term_string\"}}],\"inLanguage\":\"de\"}]}<\/script>\n<!-- \/ Yoast SEO plugin. -->","yoast_head_json":{"title":"Wissenscenter | Americans Overseas","description":"Auf Americans Overseas finden Sie alle Fragen und Antworten zur Steuererkl\u00e4rung, die Sie als US-Amerikaner abgeben m\u00fcssen, w\u00e4hrend Sie im Ausland wohnen.","robots":{"index":"noindex","follow":"follow","max-snippet":"max-snippet:-1","max-image-preview":"max-image-preview:large","max-video-preview":"max-video-preview:-1"},"og_locale":"de_DE","og_type":"article","og_title":"Wissenscenter | Americans Overseas","og_description":"Auf Americans Overseas finden Sie alle Fragen und Antworten zur Steuererkl\u00e4rung, die Sie als US-Amerikaner abgeben m\u00fcssen, w\u00e4hrend Sie im Ausland wohnen.","og_url":"https:\/\/americansoverseas-org.ont.stuurlui.dev\/german\/wissenscenter\/","og_site_name":"Americans Overseas DE","article_modified_time":"2023-02-06T12:42:20+00:00","twitter_card":"summary_large_image","schema":{"@context":"https:\/\/schema.org","@graph":[{"@type":"WebPage","@id":"https:\/\/americansoverseas-org.ont.stuurlui.dev\/german\/wissenscenter\/","url":"https:\/\/americansoverseas-org.ont.stuurlui.dev\/german\/wissenscenter\/","name":"Wissenscenter | Americans Overseas","isPartOf":{"@id":"https:\/\/americansoverseas-org.ont.stuurlui.dev\/german\/#website"},"datePublished":"2022-11-30T08:24:39+00:00","dateModified":"2023-02-06T12:42:20+00:00","description":"Auf Americans Overseas finden Sie alle Fragen und Antworten zur Steuererkl\u00e4rung, die Sie als US-Amerikaner abgeben m\u00fcssen, w\u00e4hrend Sie im Ausland wohnen.","breadcrumb":{"@id":"https:\/\/americansoverseas-org.ont.stuurlui.dev\/german\/wissenscenter\/#breadcrumb"},"inLanguage":"de","potentialAction":[{"@type":"ReadAction","target":["https:\/\/americansoverseas-org.ont.stuurlui.dev\/german\/wissenscenter\/"]}]},{"@type":"BreadcrumbList","@id":"https:\/\/americansoverseas-org.ont.stuurlui.dev\/german\/wissenscenter\/#breadcrumb","itemListElement":[{"@type":"ListItem","position":1,"name":"Home","item":"https:\/\/americansoverseas-org.ont.stuurlui.dev\/german\/"},{"@type":"ListItem","position":2,"name":"Wissenscenter"}]},{"@type":"WebSite","@id":"https:\/\/americansoverseas-org.ont.stuurlui.dev\/german\/#website","url":"https:\/\/americansoverseas-org.ont.stuurlui.dev\/german\/","name":"Americans Overseas DE","description":"","potentialAction":[{"@type":"SearchAction","target":{"@type":"EntryPoint","urlTemplate":"https:\/\/americansoverseas-org.ont.stuurlui.dev\/german\/?s={search_term_string}"},"query-input":{"@type":"PropertyValueSpecification","valueRequired":true,"valueName":"search_term_string"}}],"inLanguage":"de"}]}},"_links":{"self":[{"href":"https:\/\/americansoverseas-org.ont.stuurlui.dev\/german\/wp-json\/wp\/v2\/pages\/1086","targetHints":{"allow":["GET"]}}],"collection":[{"href":"https:\/\/americansoverseas-org.ont.stuurlui.dev\/german\/wp-json\/wp\/v2\/pages"}],"about":[{"href":"https:\/\/americansoverseas-org.ont.stuurlui.dev\/german\/wp-json\/wp\/v2\/types\/page"}],"author":[{"embeddable":true,"href":"https:\/\/americansoverseas-org.ont.stuurlui.dev\/german\/wp-json\/wp\/v2\/users\/2"}],"replies":[{"embeddable":true,"href":"https:\/\/americansoverseas-org.ont.stuurlui.dev\/german\/wp-json\/wp\/v2\/comments?post=1086"}],"version-history":[{"count":22,"href":"https:\/\/americansoverseas-org.ont.stuurlui.dev\/german\/wp-json\/wp\/v2\/pages\/1086\/revisions"}],"predecessor-version":[{"id":17299,"href":"https:\/\/americansoverseas-org.ont.stuurlui.dev\/german\/wp-json\/wp\/v2\/pages\/1086\/revisions\/17299"}],"wp:attachment":[{"href":"https:\/\/americansoverseas-org.ont.stuurlui.dev\/german\/wp-json\/wp\/v2\/media?parent=1086"}],"curies":[{"name":"wp","href":"https:\/\/api.w.org\/{rel}","templated":true}]}}