{"id":243,"date":"2020-11-30T14:37:11","date_gmt":"2020-11-30T13:37:11","guid":{"rendered":"https:\/\/americansoverseas-org.ont.stuurlui.dev\/french\/?page_id=243"},"modified":"2023-02-17T15:46:46","modified_gmt":"2023-02-17T14:46:46","slug":"home","status":"publish","type":"page","link":"https:\/\/americansoverseas-org.ont.stuurlui.dev\/french\/","title":{"rendered":"Home"},"content":{"rendered":"","protected":false},"excerpt":{"rendered":"","protected":false},"author":2,"featured_media":17062,"parent":0,"menu_order":0,"comment_status":"closed","ping_status":"closed","template":"","meta":{"_acf_changed":false,"footnotes":""},"class_list":["post-243","page","type-page","status-publish","has-post-thumbnail","hentry"],"acf":[],"yoast_head":"<!-- This site is optimized with the Yoast SEO plugin v27.5 - https:\/\/yoast.com\/product\/yoast-seo-wordpress\/ -->\n<title>Accueil Americans Overseas | Americans Overseas<\/title>\n<meta name=\"description\" content=\"Americans Overseas aide les Am\u00e9ricains de l\u2019\u00e9tranger \u00e0 se mettre en conformit\u00e9 avec les r\u00e8gles fiscales am\u00e9ricaines de mani\u00e8re organis\u00e9e et \u00e0 \u00e9viter la double imposition. Gratuitement et sans engagement.\" \/>\n<meta name=\"robots\" content=\"noindex, follow, max-snippet:-1, max-image-preview:large, max-video-preview:-1\" \/>\n<meta property=\"og:locale\" content=\"fr_FR\" \/>\n<meta property=\"og:type\" content=\"article\" \/>\n<meta property=\"og:title\" content=\"Accueil Americans Overseas | Americans Overseas\" \/>\n<meta property=\"og:description\" content=\"Americans Overseas aide les Am\u00e9ricains de l\u2019\u00e9tranger \u00e0 se mettre en conformit\u00e9 avec les r\u00e8gles fiscales am\u00e9ricaines de mani\u00e8re organis\u00e9e et \u00e0 \u00e9viter la double imposition. Gratuitement et sans engagement.\" \/>\n<meta property=\"og:url\" content=\"https:\/\/americansoverseas-org.ont.stuurlui.dev\/french\/\" \/>\n<meta property=\"og:site_name\" content=\"Americans Overseas FR\" \/>\n<meta property=\"article:modified_time\" content=\"2023-02-17T14:46:46+00:00\" \/>\n<meta property=\"og:image\" content=\"https:\/\/americansoverseas-org.ont.stuurlui.dev\/french\/wp-content\/uploads\/sites\/3\/2023\/02\/Americans-Overseas-fr.webp\" \/>\n\t<meta property=\"og:image:width\" content=\"1200\" \/>\n\t<meta property=\"og:image:height\" content=\"640\" \/>\n\t<meta property=\"og:image:type\" content=\"image\/webp\" \/>\n<meta name=\"twitter:card\" content=\"summary_large_image\" \/>\n<script type=\"application\/ld+json\" class=\"yoast-schema-graph\">{\"@context\":\"https:\\\/\\\/schema.org\",\"@graph\":[{\"@type\":\"WebPage\",\"@id\":\"https:\\\/\\\/americansoverseas-org.ont.stuurlui.dev\\\/french\\\/\",\"url\":\"https:\\\/\\\/americansoverseas-org.ont.stuurlui.dev\\\/french\\\/\",\"name\":\"Accueil Americans Overseas | Americans Overseas\",\"isPartOf\":{\"@id\":\"https:\\\/\\\/americansoverseas-org.ont.stuurlui.dev\\\/french\\\/#website\"},\"primaryImageOfPage\":{\"@id\":\"https:\\\/\\\/americansoverseas-org.ont.stuurlui.dev\\\/french\\\/#primaryimage\"},\"image\":{\"@id\":\"https:\\\/\\\/americansoverseas-org.ont.stuurlui.dev\\\/french\\\/#primaryimage\"},\"thumbnailUrl\":\"https:\\\/\\\/americansoverseas-org.ont.stuurlui.dev\\\/french\\\/wp-content\\\/uploads\\\/sites\\\/3\\\/2023\\\/02\\\/Americans-Overseas-fr.webp\",\"datePublished\":\"2020-11-30T13:37:11+00:00\",\"dateModified\":\"2023-02-17T14:46:46+00:00\",\"description\":\"Americans Overseas aide les Am\u00e9ricains de l\u2019\u00e9tranger \u00e0 se mettre en conformit\u00e9 avec les r\u00e8gles fiscales am\u00e9ricaines de mani\u00e8re organis\u00e9e et \u00e0 \u00e9viter la double imposition. Gratuitement et sans engagement.\",\"breadcrumb\":{\"@id\":\"https:\\\/\\\/americansoverseas-org.ont.stuurlui.dev\\\/french\\\/#breadcrumb\"},\"inLanguage\":\"fr-FR\",\"potentialAction\":[{\"@type\":\"ReadAction\",\"target\":[\"https:\\\/\\\/americansoverseas-org.ont.stuurlui.dev\\\/french\\\/\"]}]},{\"@type\":\"ImageObject\",\"inLanguage\":\"fr-FR\",\"@id\":\"https:\\\/\\\/americansoverseas-org.ont.stuurlui.dev\\\/french\\\/#primaryimage\",\"url\":\"https:\\\/\\\/americansoverseas-org.ont.stuurlui.dev\\\/french\\\/wp-content\\\/uploads\\\/sites\\\/3\\\/2023\\\/02\\\/Americans-Overseas-fr.webp\",\"contentUrl\":\"https:\\\/\\\/americansoverseas-org.ont.stuurlui.dev\\\/french\\\/wp-content\\\/uploads\\\/sites\\\/3\\\/2023\\\/02\\\/Americans-Overseas-fr.webp\",\"width\":1200,\"height\":640},{\"@type\":\"BreadcrumbList\",\"@id\":\"https:\\\/\\\/americansoverseas-org.ont.stuurlui.dev\\\/french\\\/#breadcrumb\",\"itemListElement\":[{\"@type\":\"ListItem\",\"position\":1,\"name\":\"Home\",\"item\":\"https:\\\/\\\/americansoverseas-org.ont.stuurlui.dev\\\/french\\\/\"},{\"@type\":\"ListItem\",\"position\":2,\"name\":\"Home\"}]},{\"@type\":\"WebSite\",\"@id\":\"https:\\\/\\\/americansoverseas-org.ont.stuurlui.dev\\\/french\\\/#website\",\"url\":\"https:\\\/\\\/americansoverseas-org.ont.stuurlui.dev\\\/french\\\/\",\"name\":\"Americans Overseas FR\",\"description\":\"\",\"potentialAction\":[{\"@type\":\"SearchAction\",\"target\":{\"@type\":\"EntryPoint\",\"urlTemplate\":\"https:\\\/\\\/americansoverseas-org.ont.stuurlui.dev\\\/french\\\/?s={search_term_string}\"},\"query-input\":{\"@type\":\"PropertyValueSpecification\",\"valueRequired\":true,\"valueName\":\"search_term_string\"}}],\"inLanguage\":\"fr-FR\"}]}<\/script>\n<!-- \/ Yoast SEO plugin. -->","yoast_head_json":{"title":"Accueil Americans Overseas | Americans Overseas","description":"Americans Overseas aide les Am\u00e9ricains de l\u2019\u00e9tranger \u00e0 se mettre en conformit\u00e9 avec les r\u00e8gles fiscales am\u00e9ricaines de mani\u00e8re organis\u00e9e et \u00e0 \u00e9viter la double imposition. Gratuitement et sans engagement.","robots":{"index":"noindex","follow":"follow","max-snippet":"max-snippet:-1","max-image-preview":"max-image-preview:large","max-video-preview":"max-video-preview:-1"},"og_locale":"fr_FR","og_type":"article","og_title":"Accueil Americans Overseas | Americans Overseas","og_description":"Americans Overseas aide les Am\u00e9ricains de l\u2019\u00e9tranger \u00e0 se mettre en conformit\u00e9 avec les r\u00e8gles fiscales am\u00e9ricaines de mani\u00e8re organis\u00e9e et \u00e0 \u00e9viter la double imposition. Gratuitement et sans engagement.","og_url":"https:\/\/americansoverseas-org.ont.stuurlui.dev\/french\/","og_site_name":"Americans Overseas FR","article_modified_time":"2023-02-17T14:46:46+00:00","og_image":[{"width":1200,"height":640,"url":"https:\/\/americansoverseas-org.ont.stuurlui.dev\/french\/wp-content\/uploads\/sites\/3\/2023\/02\/Americans-Overseas-fr.webp","type":"image\/webp"}],"twitter_card":"summary_large_image","schema":{"@context":"https:\/\/schema.org","@graph":[{"@type":"WebPage","@id":"https:\/\/americansoverseas-org.ont.stuurlui.dev\/french\/","url":"https:\/\/americansoverseas-org.ont.stuurlui.dev\/french\/","name":"Accueil Americans Overseas | Americans Overseas","isPartOf":{"@id":"https:\/\/americansoverseas-org.ont.stuurlui.dev\/french\/#website"},"primaryImageOfPage":{"@id":"https:\/\/americansoverseas-org.ont.stuurlui.dev\/french\/#primaryimage"},"image":{"@id":"https:\/\/americansoverseas-org.ont.stuurlui.dev\/french\/#primaryimage"},"thumbnailUrl":"https:\/\/americansoverseas-org.ont.stuurlui.dev\/french\/wp-content\/uploads\/sites\/3\/2023\/02\/Americans-Overseas-fr.webp","datePublished":"2020-11-30T13:37:11+00:00","dateModified":"2023-02-17T14:46:46+00:00","description":"Americans Overseas aide les Am\u00e9ricains de l\u2019\u00e9tranger \u00e0 se mettre en conformit\u00e9 avec les r\u00e8gles fiscales am\u00e9ricaines de mani\u00e8re organis\u00e9e et \u00e0 \u00e9viter la double imposition. Gratuitement et sans engagement.","breadcrumb":{"@id":"https:\/\/americansoverseas-org.ont.stuurlui.dev\/french\/#breadcrumb"},"inLanguage":"fr-FR","potentialAction":[{"@type":"ReadAction","target":["https:\/\/americansoverseas-org.ont.stuurlui.dev\/french\/"]}]},{"@type":"ImageObject","inLanguage":"fr-FR","@id":"https:\/\/americansoverseas-org.ont.stuurlui.dev\/french\/#primaryimage","url":"https:\/\/americansoverseas-org.ont.stuurlui.dev\/french\/wp-content\/uploads\/sites\/3\/2023\/02\/Americans-Overseas-fr.webp","contentUrl":"https:\/\/americansoverseas-org.ont.stuurlui.dev\/french\/wp-content\/uploads\/sites\/3\/2023\/02\/Americans-Overseas-fr.webp","width":1200,"height":640},{"@type":"BreadcrumbList","@id":"https:\/\/americansoverseas-org.ont.stuurlui.dev\/french\/#breadcrumb","itemListElement":[{"@type":"ListItem","position":1,"name":"Home","item":"https:\/\/americansoverseas-org.ont.stuurlui.dev\/french\/"},{"@type":"ListItem","position":2,"name":"Home"}]},{"@type":"WebSite","@id":"https:\/\/americansoverseas-org.ont.stuurlui.dev\/french\/#website","url":"https:\/\/americansoverseas-org.ont.stuurlui.dev\/french\/","name":"Americans Overseas FR","description":"","potentialAction":[{"@type":"SearchAction","target":{"@type":"EntryPoint","urlTemplate":"https:\/\/americansoverseas-org.ont.stuurlui.dev\/french\/?s={search_term_string}"},"query-input":{"@type":"PropertyValueSpecification","valueRequired":true,"valueName":"search_term_string"}}],"inLanguage":"fr-FR"}]}},"_links":{"self":[{"href":"https:\/\/americansoverseas-org.ont.stuurlui.dev\/french\/wp-json\/wp\/v2\/pages\/243","targetHints":{"allow":["GET"]}}],"collection":[{"href":"https:\/\/americansoverseas-org.ont.stuurlui.dev\/french\/wp-json\/wp\/v2\/pages"}],"about":[{"href":"https:\/\/americansoverseas-org.ont.stuurlui.dev\/french\/wp-json\/wp\/v2\/types\/page"}],"author":[{"embeddable":true,"href":"https:\/\/americansoverseas-org.ont.stuurlui.dev\/french\/wp-json\/wp\/v2\/users\/2"}],"replies":[{"embeddable":true,"href":"https:\/\/americansoverseas-org.ont.stuurlui.dev\/french\/wp-json\/wp\/v2\/comments?post=243"}],"version-history":[{"count":125,"href":"https:\/\/americansoverseas-org.ont.stuurlui.dev\/french\/wp-json\/wp\/v2\/pages\/243\/revisions"}],"predecessor-version":[{"id":17278,"href":"https:\/\/americansoverseas-org.ont.stuurlui.dev\/french\/wp-json\/wp\/v2\/pages\/243\/revisions\/17278"}],"wp:featuredmedia":[{"embeddable":true,"href":"https:\/\/americansoverseas-org.ont.stuurlui.dev\/french\/wp-json\/wp\/v2\/media\/17062"}],"wp:attachment":[{"href":"https:\/\/americansoverseas-org.ont.stuurlui.dev\/french\/wp-json\/wp\/v2\/media?parent=243"}],"curies":[{"name":"wp","href":"https:\/\/api.w.org\/{rel}","templated":true}]}}