{"id":16369,"date":"2023-01-12T14:53:18","date_gmt":"2023-01-12T13:53:18","guid":{"rendered":"https:\/\/americansoverseas-org.ont.stuurlui.dev\/french\/services-2\/"},"modified":"2023-02-17T20:51:38","modified_gmt":"2023-02-17T19:51:38","slug":"renonciation-de-la-citoyennete-americaine","status":"publish","type":"page","link":"https:\/\/americansoverseas-org.ont.stuurlui.dev\/french\/services\/renonciation-de-la-citoyennete-americaine\/","title":{"rendered":"Renonciation de la citoyennet\u00e9 am\u00e9ricaine"},"content":{"rendered":"","protected":false},"excerpt":{"rendered":"","protected":false},"author":13,"featured_media":0,"parent":1082,"menu_order":0,"comment_status":"closed","ping_status":"closed","template":"","meta":{"_acf_changed":false,"footnotes":""},"class_list":["post-16369","page","type-page","status-publish","hentry"],"acf":[],"yoast_head":"<!-- This site is optimized with the Yoast SEO plugin v27.5 - https:\/\/yoast.com\/product\/yoast-seo-wordpress\/ -->\n<title>Renonciation de la citoyennet\u00e9 am\u00e9ricaine | Americans Overseas<\/title>\n<meta name=\"description\" content=\"Nous facilitons le renonciation de la citoyennet\u00e9 am\u00e9ricaine.. Plus d&#039;informations sur l&#039;expatriation sur Americans Overseas\" \/>\n<meta name=\"robots\" content=\"noindex, follow, max-snippet:-1, max-image-preview:large, max-video-preview:-1\" \/>\n<meta property=\"og:locale\" content=\"fr_FR\" \/>\n<meta property=\"og:type\" content=\"article\" \/>\n<meta property=\"og:title\" content=\"Renonciation de la citoyennet\u00e9 am\u00e9ricaine | Americans Overseas\" \/>\n<meta property=\"og:description\" content=\"Nous facilitons le renonciation de la citoyennet\u00e9 am\u00e9ricaine.. Plus d&#039;informations sur l&#039;expatriation sur Americans Overseas\" \/>\n<meta property=\"og:url\" content=\"https:\/\/americansoverseas-org.ont.stuurlui.dev\/french\/services\/renonciation-de-la-citoyennete-americaine\/\" \/>\n<meta property=\"og:site_name\" content=\"Americans Overseas FR\" \/>\n<meta property=\"article:modified_time\" content=\"2023-02-17T19:51:38+00:00\" \/>\n<meta name=\"twitter:card\" content=\"summary_large_image\" \/>\n<script type=\"application\/ld+json\" class=\"yoast-schema-graph\">{\"@context\":\"https:\\\/\\\/schema.org\",\"@graph\":[{\"@type\":\"WebPage\",\"@id\":\"https:\\\/\\\/americansoverseas-org.ont.stuurlui.dev\\\/french\\\/services\\\/renonciation-de-la-citoyennete-americaine\\\/\",\"url\":\"https:\\\/\\\/americansoverseas-org.ont.stuurlui.dev\\\/french\\\/services\\\/renonciation-de-la-citoyennete-americaine\\\/\",\"name\":\"Renonciation de la citoyennet\u00e9 am\u00e9ricaine | Americans Overseas\",\"isPartOf\":{\"@id\":\"https:\\\/\\\/americansoverseas-org.ont.stuurlui.dev\\\/french\\\/#website\"},\"datePublished\":\"2023-01-12T13:53:18+00:00\",\"dateModified\":\"2023-02-17T19:51:38+00:00\",\"description\":\"Nous facilitons le renonciation de la citoyennet\u00e9 am\u00e9ricaine.. Plus d'informations sur l'expatriation sur Americans Overseas\",\"breadcrumb\":{\"@id\":\"https:\\\/\\\/americansoverseas-org.ont.stuurlui.dev\\\/french\\\/services\\\/renonciation-de-la-citoyennete-americaine\\\/#breadcrumb\"},\"inLanguage\":\"fr-FR\",\"potentialAction\":[{\"@type\":\"ReadAction\",\"target\":[\"https:\\\/\\\/americansoverseas-org.ont.stuurlui.dev\\\/french\\\/services\\\/renonciation-de-la-citoyennete-americaine\\\/\"]}]},{\"@type\":\"BreadcrumbList\",\"@id\":\"https:\\\/\\\/americansoverseas-org.ont.stuurlui.dev\\\/french\\\/services\\\/renonciation-de-la-citoyennete-americaine\\\/#breadcrumb\",\"itemListElement\":[{\"@type\":\"ListItem\",\"position\":1,\"name\":\"Home\",\"item\":\"https:\\\/\\\/americansoverseas-org.ont.stuurlui.dev\\\/french\\\/\"},{\"@type\":\"ListItem\",\"position\":2,\"name\":\"Services\",\"item\":\"https:\\\/\\\/americansoverseas-org.ont.stuurlui.dev\\\/french\\\/services\\\/\"},{\"@type\":\"ListItem\",\"position\":3,\"name\":\"Renonciation de la citoyennet\u00e9 am\u00e9ricaine\"}]},{\"@type\":\"WebSite\",\"@id\":\"https:\\\/\\\/americansoverseas-org.ont.stuurlui.dev\\\/french\\\/#website\",\"url\":\"https:\\\/\\\/americansoverseas-org.ont.stuurlui.dev\\\/french\\\/\",\"name\":\"Americans Overseas FR\",\"description\":\"\",\"potentialAction\":[{\"@type\":\"SearchAction\",\"target\":{\"@type\":\"EntryPoint\",\"urlTemplate\":\"https:\\\/\\\/americansoverseas-org.ont.stuurlui.dev\\\/french\\\/?s={search_term_string}\"},\"query-input\":{\"@type\":\"PropertyValueSpecification\",\"valueRequired\":true,\"valueName\":\"search_term_string\"}}],\"inLanguage\":\"fr-FR\"}]}<\/script>\n<!-- \/ Yoast SEO plugin. -->","yoast_head_json":{"title":"Renonciation de la citoyennet\u00e9 am\u00e9ricaine | Americans Overseas","description":"Nous facilitons le renonciation de la citoyennet\u00e9 am\u00e9ricaine.. Plus d'informations sur l'expatriation sur Americans Overseas","robots":{"index":"noindex","follow":"follow","max-snippet":"max-snippet:-1","max-image-preview":"max-image-preview:large","max-video-preview":"max-video-preview:-1"},"og_locale":"fr_FR","og_type":"article","og_title":"Renonciation de la citoyennet\u00e9 am\u00e9ricaine | Americans Overseas","og_description":"Nous facilitons le renonciation de la citoyennet\u00e9 am\u00e9ricaine.. Plus d'informations sur l'expatriation sur Americans Overseas","og_url":"https:\/\/americansoverseas-org.ont.stuurlui.dev\/french\/services\/renonciation-de-la-citoyennete-americaine\/","og_site_name":"Americans Overseas FR","article_modified_time":"2023-02-17T19:51:38+00:00","twitter_card":"summary_large_image","schema":{"@context":"https:\/\/schema.org","@graph":[{"@type":"WebPage","@id":"https:\/\/americansoverseas-org.ont.stuurlui.dev\/french\/services\/renonciation-de-la-citoyennete-americaine\/","url":"https:\/\/americansoverseas-org.ont.stuurlui.dev\/french\/services\/renonciation-de-la-citoyennete-americaine\/","name":"Renonciation de la citoyennet\u00e9 am\u00e9ricaine | Americans Overseas","isPartOf":{"@id":"https:\/\/americansoverseas-org.ont.stuurlui.dev\/french\/#website"},"datePublished":"2023-01-12T13:53:18+00:00","dateModified":"2023-02-17T19:51:38+00:00","description":"Nous facilitons le renonciation de la citoyennet\u00e9 am\u00e9ricaine.. Plus d'informations sur l'expatriation sur Americans Overseas","breadcrumb":{"@id":"https:\/\/americansoverseas-org.ont.stuurlui.dev\/french\/services\/renonciation-de-la-citoyennete-americaine\/#breadcrumb"},"inLanguage":"fr-FR","potentialAction":[{"@type":"ReadAction","target":["https:\/\/americansoverseas-org.ont.stuurlui.dev\/french\/services\/renonciation-de-la-citoyennete-americaine\/"]}]},{"@type":"BreadcrumbList","@id":"https:\/\/americansoverseas-org.ont.stuurlui.dev\/french\/services\/renonciation-de-la-citoyennete-americaine\/#breadcrumb","itemListElement":[{"@type":"ListItem","position":1,"name":"Home","item":"https:\/\/americansoverseas-org.ont.stuurlui.dev\/french\/"},{"@type":"ListItem","position":2,"name":"Services","item":"https:\/\/americansoverseas-org.ont.stuurlui.dev\/french\/services\/"},{"@type":"ListItem","position":3,"name":"Renonciation de la citoyennet\u00e9 am\u00e9ricaine"}]},{"@type":"WebSite","@id":"https:\/\/americansoverseas-org.ont.stuurlui.dev\/french\/#website","url":"https:\/\/americansoverseas-org.ont.stuurlui.dev\/french\/","name":"Americans Overseas FR","description":"","potentialAction":[{"@type":"SearchAction","target":{"@type":"EntryPoint","urlTemplate":"https:\/\/americansoverseas-org.ont.stuurlui.dev\/french\/?s={search_term_string}"},"query-input":{"@type":"PropertyValueSpecification","valueRequired":true,"valueName":"search_term_string"}}],"inLanguage":"fr-FR"}]}},"_links":{"self":[{"href":"https:\/\/americansoverseas-org.ont.stuurlui.dev\/french\/wp-json\/wp\/v2\/pages\/16369","targetHints":{"allow":["GET"]}}],"collection":[{"href":"https:\/\/americansoverseas-org.ont.stuurlui.dev\/french\/wp-json\/wp\/v2\/pages"}],"about":[{"href":"https:\/\/americansoverseas-org.ont.stuurlui.dev\/french\/wp-json\/wp\/v2\/types\/page"}],"author":[{"embeddable":true,"href":"https:\/\/americansoverseas-org.ont.stuurlui.dev\/french\/wp-json\/wp\/v2\/users\/13"}],"replies":[{"embeddable":true,"href":"https:\/\/americansoverseas-org.ont.stuurlui.dev\/french\/wp-json\/wp\/v2\/comments?post=16369"}],"version-history":[{"count":16,"href":"https:\/\/americansoverseas-org.ont.stuurlui.dev\/french\/wp-json\/wp\/v2\/pages\/16369\/revisions"}],"predecessor-version":[{"id":17292,"href":"https:\/\/americansoverseas-org.ont.stuurlui.dev\/french\/wp-json\/wp\/v2\/pages\/16369\/revisions\/17292"}],"up":[{"embeddable":true,"href":"https:\/\/americansoverseas-org.ont.stuurlui.dev\/french\/wp-json\/wp\/v2\/pages\/1082"}],"wp:attachment":[{"href":"https:\/\/americansoverseas-org.ont.stuurlui.dev\/french\/wp-json\/wp\/v2\/media?parent=16369"}],"curies":[{"name":"wp","href":"https:\/\/api.w.org\/{rel}","templated":true}]}}